{"id":1372,"date":"2018-05-29T11:40:04","date_gmt":"2018-05-29T09:40:04","guid":{"rendered":"https:\/\/www.lageneralservice.it\/?page_id=1372"},"modified":"2019-07-19T17:13:51","modified_gmt":"2019-07-19T15:13:51","slug":"cookie","status":"publish","type":"page","link":"https:\/\/www.lageneralservice.it\/?page_id=1372","title":{"rendered":"privacy e cookie"},"content":{"rendered":"<p><strong>Privacy policy \u2013 Informazioni fornite ai sensi dell\u2019Art. 13 del Regolamento europeo n. 679\/2016 <\/strong><br \/>\nIn ottemperanza degli obblighi derivanti dalla normativa nazionale e comunitaria in materia di tutela dei dati personali, il presente sito rispetta e tutela la riservatezza dei visitatori e degli utenti.<br \/>\nLa presente privacy policy si applica esclusivamente alle attivit\u00e0 online del presente sito e non si applica alle informazioni raccolte tramite altri canali.<\/p>\n<p><strong>Dati di navigazione<\/strong><br \/>\nIl sito fa uso di log files nei quali vengono conservate informazioni raccolte in maniera automatizzata durante la navigazione visite degli utenti\/visitatori.<br \/>\nA fini di sicurezza (filtri antispam, firewall, rilevazione virus), i dati registrati automaticamente possono comprendere dati personali come l\u2019indirizzo Ip, che potrebbe essere utilizzato, conformemente alle leggi vigenti in materia, al fine di bloccare tentativi di danneggiamento al sito medesimo o agli utenti\/visitatori,  oltre alle attivit\u00e0 dannose e costituenti reato. Tali dati non sono mai utilizzati per l\u2019identificazione o la profilazione dell\u2019utente, ma solo a fini di tutela del sito e dei suoi utenti\/visitatori.<br \/>\nDati forniti volontariamente<br \/>\nUtilizzando il form \u201cContatti\u201d, gli utenti\/visitatori inseriscono volontariamente i loro dati personali al fine di inoltrare richieste. I dati identificativi inseriti sono rilevati automaticamente e registrati per l\u2019erogazione del servizio domandato.<br \/>\nI dati ricevuti vengono trattati per il solo tempo necessario a fornire il servizio richiesto.<br \/>\nLe informazioni che gli utenti\/visitatori del sito riterranno di rendere pubbliche tramite i servizi e gli strumenti messi a disposizione dagli stessi, sono fornite  consapevolmente e volontariamente, esentando il presente sito da qualsiasi responsabilit\u00e0 in merito ad eventuali violazioni delle leggi. Spetta all\u2019utente\/visitatore verificare di avere i permessi per l\u2019immissione di dati personali di terzi o di contenuti tutelati dalle norme nazionali ed internazionali.<\/p>\n<p><strong>Il trattamento<\/strong><br \/>\nI trattamenti sono giustificati dall\u2019interesse legittimo del Titolare di garantire una navigazione sicura, nonch\u00e9 l\u2019esecuzione di misure precontrattuali.<br \/>\nIl conferimento dei dati \u00e8 necessario per perseguire le finalit\u00e0 summenzionate.<br \/>\nCookie<br \/>\nIl presente sito fa uso di cookies, piccoli file di testo che consentono di conservare informazioni sulle preferenze degli utenti\/visitatori, per migliorare le funzionalit\u00e0 del sito, per semplificarne la navigazione automatizzando le procedure (es. Login, lingua sito), e per l\u2019analisi dell\u2019uso del sito. I cookie di sessione sono essenziali anche ai fini di sicurezza per impedire attacchi informatici al sito.<br \/>\nI cookie di sessione non catturano dati personali e durano per la sola sessione in corso, cio\u00e8 fino alla chiusura del browser;  per essi non occorre consenso.<br \/>\nI functionality cookie utilizzati dal sito sono strettamente necessari per il suo utilizzo, in particolare sono collegati ad una espressa richiesta di funzionalit\u00e0 da parte dell\u2019utente (come il Login), per i quali non occorre alcun consenso.<\/p>\n<p><strong>Disabilitazione cookies<\/strong><br \/>\nI cookies sono collegati al browser utilizzato e POSSONO ESSERE DISABILITATI DIRETTAMENTE DAL BROWSER, cos\u00ec rifiutando\/revocando il consenso all\u2019uso dei cookies. Occorre tenere presente che la disabilitazione dei cookies potrebbe impedire il corretto utilizzo di alcune funzioni del sito stesso.<br \/>\nLe istruzioni per la disabilitazione dei cookies si trovano alle seguenti pagine web:<br \/>\nMozilla Firefox \u2013 http:\/\/support.mozilla.org\/it\/kb\/Attivare%20e%20disattivare%20i%20cookie<br \/>\nWindows Internet Explorer \u2013 http:\/\/support.mozilla.org\/it\/kb\/Attivare%20e%20disattivare%20i%20cookie<br \/>\nGoogle Chrome \u2013 http:\/\/support.google.com\/chrome\/bin\/answer.py?hl=it&#038;answer=95647<br \/>\nOpera \u2013 http:\/\/help.opera.com\/Windows\/10.00\/it\/cookies.html<br \/>\nApple Safari \u2013 https:\/\/support.apple.com\/it-it\/HT201265<\/p>\n<p><strong>Cookies di terze parti<\/strong><br \/>\nIl presente sito funge anche da intermediario per cookies di terze parti, utilizzati per poter fornire ulteriori servizi e funzionalit\u00e0 ai visitatori e per migliorare l\u2019uso del sito stesso, come i pulsanti per i social. La presente privacy policy non si applica ai servizi forniti da terze parti, e questo sito non ha alcun controllo sui loro cookies, interamente gestiti dalle terze parti. Il contratto di cessione dati avviene direttamente tra l\u2019utente\/visitatore e le terze parti, per cui l\u2019acquisizione del consenso per detti cookie \u00e8, ovviamente, a carico delle terze parti. In conseguenza di ci\u00f2 le informazioni sull\u2019uso dei detti cookies e sulle finalit\u00e0 degli stessi, nonch\u00e9 sulle modalit\u00e0 per l\u2019eventuale disabilitazione, sono fornite direttamente dalle terze parti alle pagine qui sotto indicate.<br \/>\n<strong>In particolare il presente sito utilizza cookies delle seguenti terze parti:<\/strong><br \/>\nGoogle (Google Analytics cookie): Google Analytics \u00e8 uno strumento di analisi di Google che attraverso l\u2019uso performance cookie raccoglie dati di navigazione anonimi (troncati all\u2019ultimo ottetto e non incrociati con quelli di altri servizi), allo scopo di esaminare l\u2019uso del sito da parte degli utenti\/visitatori, compilare report sulle attivit\u00e0 nel sito e fornire altre informazioni, compreso il numero degli utenti\/visitatori e le pagine visitate. Google pu\u00f2 anche trasferire queste informazioni a terzi ove ci\u00f2 sia imposto dalla legge o laddove tali terzi trattino le suddette informazioni per conto di Google. Google non assocer\u00e0 l\u2019indirizzo Ip a nessun altro dato posseduto dallo stesso.<br \/>\nPer ulteriori informazioni sull\u2019uso dei dati e sul loro trattamento da parte di Google si raccomanda di prendere visione delle informazioni al seguente indirizzo internet: http:\/\/www.google.com\/intl\/it\/policies\/privacy\/ .<\/p>\n<p><strong>Ulteriori informazioni sui cookies di Google Analytics si trovano alla seguente pagina<\/strong><br \/>\nhttps:\/\/developers.google.com\/analytics\/devguides\/collection\/analyticsjs\/cookie-usage<br \/>\nL\u2019utente pu\u00f2 disabilitare in modo selettivo l\u2019azione di Google Analytics installando sul proprio browser l\u2019apposito componente fornito da Google (opt out). Per disabilitare la raccolta di dati da parte di Google Analytics, si rinvia al link di seguito indicato: https:\/\/tools.google.com\/dlpage\/gaoptout<br \/>\nQuesto sito incorpora anche plugin e\/o bottoni per i social network, al fine di consentire una facile condivisione dei contenuti sui vostri social network preferiti. Tali plugin non impostano un cookie, ma se esso \u00e8 gi\u00e0 presente sul computer del visitatore sono in grado di leggerlo ed utilizzarlo secondo le sue impostazioni. La raccolta e l\u2019uso delle informazioni da parte di tali terzi sono regolati dalle rispettive informative privacy alle quali si prega di fare riferimento.<br \/>\nFacebook \u2013 https:\/\/www.facebook.com\/about\/privacy\/ (link informativa cookie https:\/\/www.facebook.com\/help\/cookies\/ )<br \/>\nTwitter \u2013 https:\/\/twitter.com\/privacy?lang=it (link informativa cookie https:\/\/support.twitter.com\/articles\/20170519-uso-dei-cookie-e-di-altre-tecnologie-simili-da-parte-di-twitter )<br \/>\nInstagram &#8211;  https:\/\/help.instagram.com\/196883487377501 (link informativa cookie  https:\/\/help.instagram.com\/189664148063437<\/p>\n<p><strong>Trasferimento di dati in paesi extra UE<\/strong><br \/>\nIl presente sito potrebbe condividere alcuni dei dati raccolti con servizi localizzati al di fuori dell\u2019area dell\u2019Unione Europea. Il trasferimento \u00e8 autorizzato in base a specifiche decisioni dell\u2019Unione Europea e del Garante per la tutela dei dati personali http:\/\/www.garanteprivacy.it\/home\/provvedimenti-normativa\/normativa\/normativa-comunitaria-e-intenazionale\/trasferimento-dei-dati-verso-paesi-terzi , per cui non occorre ulteriore consenso.<br \/>\nMisure di sicurezza<br \/>\nIl presente sito tratta i dati degli utenti\/visitatori in maniera lecita e corretta, adottando le opportune misure di sicurezza volte ad impedire accessi non autorizzati, divulgazione, modifica o distruzione non autorizzata dei dati. Il trattamento viene effettuato mediante strumenti informatici e\/o telematici, con modalit\u00e0 organizzative e con logiche strettamente correlate alle finalit\u00e0 indicate. Oltre al Titolare, in alcuni casi, potrebbero avere accesso ai dati categorie di incaricati coinvolti nell\u2019organizzazione del sito (personale amministrativo, commerciale, marketing, legali, amministratori di sistema) ovvero soggetti esterni in qualit\u00e0 di Responsabili del trattamento, ovvero autonomi Titolari (come fornitori di servizi tecnici terzi, corrieri postali, hosting provider, societ\u00e0 informatiche, agenzie di comunicazione).<\/p>\n<p><strong>Diritti<\/strong><br \/>\nGli utenti\/visitatori, in qualit\u00e0 di interessati ed in determinate circostanze previste dagli artt. 15 e ss. del Regolamento europeo n. 679\/2016, possono i) richiedere l\u2019accesso ai dati personali; ii) ottenere la rettifica di dati personali inesatti; iii) richiedere la cancellazione; iv)opporsi al trattamento; v)richiedere la limitazione del trattamento; vi) richiedere la portabilit\u00e0 dei dati personali; vi) richiedere la revoca del consenso; vii) proporre reclamo al Garante per la Protezione dei Dati Personali, secondo le modalit\u00e0 da esso stabilite.<\/p>\n<p><strong>Titolare<\/strong><br \/>\nIl Titolare del trattamento \u00e8 LA GENERAL SERVICE SRL Via Roma, 32, 26025 Pandino (CR), P.iva 01692880196.<br \/>\nTutte le istanze e richieste relative al trattamento dei dati personali possono essere indirizzate all\u2019indirizzo di posta elettronica info@lageneralservice.it.<br \/>\nAggiornamenti<br \/>\nLa presente privacy policy \u00e8 aggiornata alla data del 17-07-2019.<\/p>\n","protected":false},"excerpt":{"rendered":"<p>Privacy policy \u2013 Informazioni fornite ai sensi dell\u2019Art. 13 del Regolamento europeo n. 679\/2016 In ottemperanza degli obblighi derivanti dalla normativa nazionale e comunitaria in materia di tutela dei dati personali, il presente sito rispetta e tutela la riservatezza dei visitatori e degli utenti. La presente privacy policy si applica esclusivamente alle attivit\u00e0 online del [&hellip;]<\/p>\n","protected":false},"author":1,"featured_media":0,"parent":0,"menu_order":0,"comment_status":"closed","ping_status":"open","template":"","meta":[],"_links":{"self":[{"href":"https:\/\/www.lageneralservice.it\/index.php?rest_route=\/wp\/v2\/pages\/1372"}],"collection":[{"href":"https:\/\/www.lageneralservice.it\/index.php?rest_route=\/wp\/v2\/pages"}],"about":[{"href":"https:\/\/www.lageneralservice.it\/index.php?rest_route=\/wp\/v2\/types\/page"}],"author":[{"embeddable":true,"href":"https:\/\/www.lageneralservice.it\/index.php?rest_route=\/wp\/v2\/users\/1"}],"replies":[{"embeddable":true,"href":"https:\/\/www.lageneralservice.it\/index.php?rest_route=%2Fwp%2Fv2%2Fcomments&post=1372"}],"version-history":[{"count":10,"href":"https:\/\/www.lageneralservice.it\/index.php?rest_route=\/wp\/v2\/pages\/1372\/revisions"}],"predecessor-version":[{"id":1451,"href":"https:\/\/www.lageneralservice.it\/index.php?rest_route=\/wp\/v2\/pages\/1372\/revisions\/1451"}],"wp:attachment":[{"href":"https:\/\/www.lageneralservice.it\/index.php?rest_route=%2Fwp%2Fv2%2Fmedia&parent=1372"}],"curies":[{"name":"wp","href":"https:\/\/api.w.org\/{rel}","templated":true}]}}